{"id":11006,"date":"2024-04-14T14:05:39","date_gmt":"2024-04-14T14:05:39","guid":{"rendered":"https:\/\/www.madhouse.rs\/?post_type=product&#038;p=11006"},"modified":"2024-04-14T14:08:57","modified_gmt":"2024-04-14T14:08:57","slug":"m-ishka-roze-zenska-torba-bucket-bag","status":"publish","type":"product","link":"https:\/\/www.madhouse.rs\/sr\/proizvodi\/m-ishka-roze-zenska-torba-bucket-bag\/","title":{"rendered":"M-ishka Roze \u017eenska torba Bucket bag"},"content":{"rendered":"[vc_row type=&#8220;full_width_background&#8220; full_screen_row_position=&#8220;middle&#8220; column_margin=&#8220;default&#8220; equal_height=&#8220;yes&#8220; content_placement=&#8220;middle&#8220; column_direction=&#8220;default&#8220; column_direction_tablet=&#8220;default&#8220; column_direction_phone=&#8220;default&#8220; scene_position=&#8220;center&#8220; text_color=&#8220;dark&#8220; text_align=&#8220;left&#8220; row_border_radius=&#8220;none&#8220; row_border_radius_applies=&#8220;bg&#8220; overflow=&#8220;visible&#8220; overlay_strength=&#8220;0.3&#8243; gradient_direction=&#8220;left_to_right&#8220; shape_divider_position=&#8220;bottom&#8220; bg_image_animation=&#8220;none&#8220; gradient_type=&#8220;default&#8220; shape_type=&#8220;&#8220;][vc_column column_padding=&#8220;no-extra-padding&#8220; column_padding_tablet=&#8220;inherit&#8220; column_padding_phone=&#8220;inherit&#8220; column_padding_position=&#8220;all&#8220; column_element_direction_desktop=&#8220;default&#8220; column_element_spacing=&#8220;default&#8220; desktop_text_alignment=&#8220;default&#8220; tablet_text_alignment=&#8220;default&#8220; phone_text_alignment=&#8220;default&#8220; background_color_opacity=&#8220;1&#8243; background_hover_color_opacity=&#8220;1&#8243; column_backdrop_filter=&#8220;none&#8220; column_shadow=&#8220;none&#8220; column_border_radius=&#8220;none&#8220; column_link_target=&#8220;_self&#8220; column_position=&#8220;default&#8220; gradient_direction=&#8220;left_to_right&#8220; overlay_strength=&#8220;0.3&#8243; width=&#8220;1\/1&#8243; tablet_width_inherit=&#8220;default&#8220; animation_type=&#8220;default&#8220; bg_image_animation=&#8220;none&#8220; border_type=&#8220;simple&#8220; column_border_width=&#8220;none&#8220; column_border_style=&#8220;solid&#8220;][nectar_highlighted_text color_type=&#8220;regular&#8220; highlight_color=&#8220;#bc905a&#8220; style=&#8220;half_text&#8220; text_direction=&#8220;default&#8220;]M-ishka Bucket bag je ru\u010dno ra\u0111ena ko\u017ena torba sa unikatnom ma\u0161nom i specifi\u010dnom kombinacijom glatke ko\u017ee i velura. Poseduje tanki ko\u017eni kai\u0161 uz pomo\u0107 kog se mo\u017ee nositi preko ramena ili se kai\u0161 mo\u017ee ukloniti i nositi kao ru\u010dna torbica.<\/p>\n<p>Visina torbe je \u00a035 cm, a \u0161irina 30 cm. Zatvara se pomo\u0107u u\u010dkura.[\/nectar_highlighted_text][\/vc_column][\/vc_row]\n","protected":false},"excerpt":{"rendered":"<p>M-ishka Bucket bag je ru\u010dno ra\u0111ena ko\u017ena torba sa unikatnom ma\u0161nom i specifi\u010dnom kombinacijom glatke ko\u017ee i velura.<\/p>\n","protected":false},"featured_media":11019,"comment_status":"open","ping_status":"closed","template":"","meta":[],"product_brand":[],"product_cat":[87,489,421],"product_tag":[488],"class_list":{"0":"post-11006","1":"product","2":"type-product","3":"status-publish","4":"has-post-thumbnail","6":"product_cat-aksesoari","7":"product_cat-mishka-sr-modni-dizajneri","8":"product_cat-torbe","9":"product_tag-m-ishka-sr","10":"pa_color-roze","11":"pa_color-filter-roze","12":"pa_material-leather-sr","13":"pa_material-pamuk","14":"pa_size-univerzalna-velicina","16":"first","17":"onbackorder","18":"purchasable","19":"product-type-simple"},"_links":{"self":[{"href":"https:\/\/www.madhouse.rs\/sr\/wp-json\/wp\/v2\/product\/11006","targetHints":{"allow":["GET"]}}],"collection":[{"href":"https:\/\/www.madhouse.rs\/sr\/wp-json\/wp\/v2\/product"}],"about":[{"href":"https:\/\/www.madhouse.rs\/sr\/wp-json\/wp\/v2\/types\/product"}],"replies":[{"embeddable":true,"href":"https:\/\/www.madhouse.rs\/sr\/wp-json\/wp\/v2\/comments?post=11006"}],"wp:featuredmedia":[{"embeddable":true,"href":"https:\/\/www.madhouse.rs\/sr\/wp-json\/wp\/v2\/media\/11019"}],"wp:attachment":[{"href":"https:\/\/www.madhouse.rs\/sr\/wp-json\/wp\/v2\/media?parent=11006"}],"wp:term":[{"taxonomy":"product_brand","embeddable":true,"href":"https:\/\/www.madhouse.rs\/sr\/wp-json\/wp\/v2\/product_brand?post=11006"},{"taxonomy":"product_cat","embeddable":true,"href":"https:\/\/www.madhouse.rs\/sr\/wp-json\/wp\/v2\/product_cat?post=11006"},{"taxonomy":"product_tag","embeddable":true,"href":"https:\/\/www.madhouse.rs\/sr\/wp-json\/wp\/v2\/product_tag?post=11006"}],"curies":[{"name":"wp","href":"https:\/\/api.w.org\/{rel}","templated":true}]}}