{"id":13321,"date":"2024-04-17T11:08:16","date_gmt":"2024-04-17T11:08:16","guid":{"rendered":"https:\/\/www.madhouse.rs\/?post_type=product&#038;p=13321"},"modified":"2024-06-18T13:40:23","modified_gmt":"2024-06-18T13:40:23","slug":"gia-design-duks-sa-kapuljacom","status":"publish","type":"product","link":"https:\/\/www.madhouse.rs\/sr\/proizvodi\/gia-design-duks-sa-kapuljacom\/","title":{"rendered":"Gia design duks sa kapulja\u010dom"},"content":{"rendered":"[vc_row type=&#8220;full_width_background&#8220; full_screen_row_position=&#8220;middle&#8220; column_margin=&#8220;default&#8220; equal_height=&#8220;yes&#8220; content_placement=&#8220;middle&#8220; column_direction=&#8220;default&#8220; column_direction_tablet=&#8220;default&#8220; column_direction_phone=&#8220;default&#8220; scene_position=&#8220;center&#8220; text_color=&#8220;dark&#8220; text_align=&#8220;left&#8220; row_border_radius=&#8220;none&#8220; row_border_radius_applies=&#8220;bg&#8220; overflow=&#8220;visible&#8220; overlay_strength=&#8220;0.3&#8243; gradient_direction=&#8220;left_to_right&#8220; shape_divider_position=&#8220;bottom&#8220; bg_image_animation=&#8220;none&#8220; gradient_type=&#8220;default&#8220; shape_type=&#8220;&#8220;][vc_column column_padding=&#8220;no-extra-padding&#8220; column_padding_tablet=&#8220;inherit&#8220; column_padding_phone=&#8220;inherit&#8220; column_padding_position=&#8220;all&#8220; column_element_direction_desktop=&#8220;default&#8220; column_element_spacing=&#8220;default&#8220; desktop_text_alignment=&#8220;default&#8220; tablet_text_alignment=&#8220;default&#8220; phone_text_alignment=&#8220;default&#8220; background_color_opacity=&#8220;1&#8243; background_hover_color_opacity=&#8220;1&#8243; column_backdrop_filter=&#8220;none&#8220; column_shadow=&#8220;none&#8220; column_border_radius=&#8220;none&#8220; column_link_target=&#8220;_self&#8220; column_position=&#8220;default&#8220; gradient_direction=&#8220;left_to_right&#8220; overlay_strength=&#8220;0.3&#8243; width=&#8220;1\/1&#8243; tablet_width_inherit=&#8220;default&#8220; animation_type=&#8220;default&#8220; bg_image_animation=&#8220;none&#8220; border_type=&#8220;simple&#8220; column_border_width=&#8220;none&#8220; column_border_style=&#8220;solid&#8220;][nectar_highlighted_text color_type=&#8220;regular&#8220; highlight_color=&#8220;#bc905a&#8220; style=&#8220;half_text&#8220; text_direction=&#8220;default&#8220;]Ovaj predimenzionirani duks mo\u017ee\u0161 nositi u svakodnevnim aktivnostima, na putu do treninga, u \u0161etnjama ili u opu\u0161taju\u0107im momentima kod ku\u0107e. Dolazi u tri razli\u010dite boje. Stilizuj ga na razli\u010dite na\u010dine tako \u0161to \u0107e\u0161 ga kombinovati sa kaputom ili jaknom, sa razli\u010ditim donjim delovima, \u010dizmama ili patikama u zavisnosti od prilike.<br \/>\nNapravljen je od pamuka 96% i 4% elastina. Nali\u010dje tkanine je \u010detkane teksture pa pru\u017ea ose\u0107aj udobnosti, topline i meko\u0107e pri no\u0161enju. Pozadi je du\u017ei, ima proreze na bo\u010dnim stranama. Kapulja\u010da je uve\u0107ana, postavljena i blago preklopljena napred. Ramena su spu\u0161tena. Rukavi i pojas se zavr\u0161avaju sa ranflom od rendera.[\/nectar_highlighted_text][\/vc_column][\/vc_row]\n","protected":false},"excerpt":{"rendered":"<p>Duks sa kapulja\u010dom.<\/p>\n","protected":false},"featured_media":13326,"comment_status":"open","ping_status":"closed","template":"","meta":[],"product_brand":[],"product_cat":[635,627,92,241,400],"product_tag":[569,632],"class_list":{"0":"post-13321","1":"product","2":"type-product","3":"status-publish","4":"has-post-thumbnail","6":"product_cat-duks","7":"product_cat-gia-design-sr","8":"product_cat-modni-dizajneri","9":"product_cat-odeca","10":"product_cat-zenska-odeca","11":"product_tag-duks-sr","12":"product_tag-gia-design-sr","13":"pa_color-bela","14":"pa_color-filter-bela","15":"pa_material-elastin","16":"pa_material-pamuk","17":"pa_size-l-sr","18":"pa_size-m-sr","19":"pa_size-s-sr","20":"pa_size-xl-sr","22":"first","23":"onbackorder","24":"purchasable","25":"product-type-variable"},"_links":{"self":[{"href":"https:\/\/www.madhouse.rs\/sr\/wp-json\/wp\/v2\/product\/13321","targetHints":{"allow":["GET"]}}],"collection":[{"href":"https:\/\/www.madhouse.rs\/sr\/wp-json\/wp\/v2\/product"}],"about":[{"href":"https:\/\/www.madhouse.rs\/sr\/wp-json\/wp\/v2\/types\/product"}],"replies":[{"embeddable":true,"href":"https:\/\/www.madhouse.rs\/sr\/wp-json\/wp\/v2\/comments?post=13321"}],"wp:featuredmedia":[{"embeddable":true,"href":"https:\/\/www.madhouse.rs\/sr\/wp-json\/wp\/v2\/media\/13326"}],"wp:attachment":[{"href":"https:\/\/www.madhouse.rs\/sr\/wp-json\/wp\/v2\/media?parent=13321"}],"wp:term":[{"taxonomy":"product_brand","embeddable":true,"href":"https:\/\/www.madhouse.rs\/sr\/wp-json\/wp\/v2\/product_brand?post=13321"},{"taxonomy":"product_cat","embeddable":true,"href":"https:\/\/www.madhouse.rs\/sr\/wp-json\/wp\/v2\/product_cat?post=13321"},{"taxonomy":"product_tag","embeddable":true,"href":"https:\/\/www.madhouse.rs\/sr\/wp-json\/wp\/v2\/product_tag?post=13321"}],"curies":[{"name":"wp","href":"https:\/\/api.w.org\/{rel}","templated":true}]}}