{"id":14617,"date":"2024-04-21T12:05:27","date_gmt":"2024-04-21T12:05:27","guid":{"rendered":"https:\/\/www.madhouse.rs\/?post_type=product&#038;p=14617"},"modified":"2024-06-18T13:36:13","modified_gmt":"2024-06-18T13:36:13","slug":"gia-design-crop-duks","status":"publish","type":"product","link":"https:\/\/www.madhouse.rs\/sr\/proizvodi\/gia-design-crop-duks\/","title":{"rendered":"Gia design crop duks"},"content":{"rendered":"[vc_row type=&#8220;full_width_background&#8220; full_screen_row_position=&#8220;middle&#8220; column_margin=&#8220;default&#8220; equal_height=&#8220;yes&#8220; content_placement=&#8220;middle&#8220; column_direction=&#8220;default&#8220; column_direction_tablet=&#8220;default&#8220; column_direction_phone=&#8220;default&#8220; scene_position=&#8220;center&#8220; text_color=&#8220;dark&#8220; text_align=&#8220;left&#8220; row_border_radius=&#8220;none&#8220; row_border_radius_applies=&#8220;bg&#8220; overflow=&#8220;visible&#8220; overlay_strength=&#8220;0.3&#8243; gradient_direction=&#8220;left_to_right&#8220; shape_divider_position=&#8220;bottom&#8220; bg_image_animation=&#8220;none&#8220; gradient_type=&#8220;default&#8220; shape_type=&#8220;&#8220;][vc_column column_padding=&#8220;no-extra-padding&#8220; column_padding_tablet=&#8220;inherit&#8220; column_padding_phone=&#8220;inherit&#8220; column_padding_position=&#8220;all&#8220; column_element_direction_desktop=&#8220;default&#8220; column_element_spacing=&#8220;default&#8220; desktop_text_alignment=&#8220;default&#8220; tablet_text_alignment=&#8220;default&#8220; phone_text_alignment=&#8220;default&#8220; background_color_opacity=&#8220;1&#8243; background_hover_color_opacity=&#8220;1&#8243; column_backdrop_filter=&#8220;none&#8220; column_shadow=&#8220;none&#8220; column_border_radius=&#8220;none&#8220; column_link_target=&#8220;_self&#8220; column_position=&#8220;default&#8220; gradient_direction=&#8220;left_to_right&#8220; overlay_strength=&#8220;0.3&#8243; width=&#8220;1\/1&#8243; tablet_width_inherit=&#8220;default&#8220; animation_type=&#8220;default&#8220; bg_image_animation=&#8220;none&#8220; border_type=&#8220;simple&#8220; column_border_width=&#8220;none&#8220; column_border_style=&#8220;solid&#8220;][nectar_highlighted_text color_type=&#8220;regular&#8220; highlight_color=&#8220;#bc905a&#8220; style=&#8220;half_text&#8220; text_direction=&#8220;default&#8220;]Jednostavan i savr\u0161en za kombinovanje sa donjim delovima bilo dubokog ili plitkog struka, obezbedi\u0107e ti moderan i aktuelan outfit. Duks je skra\u0107ene du\u017eine, do struka. Rukavi su tako\u0111e skra\u0107ene du\u017eine do lakta. Na le\u0111ima se nalazi kop\u010danje rajsfer\u0161lusom ispod kog je pozicioniran izvezeni logo &#8222;gia design&#8220; diskretan i nenametljiv u boji materijala. Materijal je organski pamuk 96% i 4% elastin. Materijal poseduje GOTS sertifikat (Global Organic Tekstile Standard), koji garantuje savesnu proizvodnju pamuka od uzgoja do poslednje faze bojenja proizvoda, bez ve\u0161ta\u010dkih pesticida, insekticida i herbicida, sa minimalnim zaga\u0111enjima zemlji\u0161ta, vode i vazduha, fer i humane uslovime za radnike. Kupujte odgovorno i budite deo novog talasa svesnih kupaca koji podsti\u010du potra\u017enju za vi\u0161e organskih proizvoda.[\/nectar_highlighted_text][\/vc_column][\/vc_row]\n","protected":false},"excerpt":{"rendered":"<p>Jednostavan i savr\u0161en duks za kombinovanje sa donjim delovima bilo dubokog ili plitkog struka, obezbedi\u0107e ti moderan i aktuelan outfit.<\/p>\n","protected":false},"featured_media":14631,"comment_status":"open","ping_status":"closed","template":"","meta":[],"product_brand":[],"product_cat":[635,627,92,241,400],"product_tag":[569,632],"class_list":{"0":"post-14617","1":"product","2":"type-product","3":"status-publish","4":"has-post-thumbnail","6":"product_cat-duks","7":"product_cat-gia-design-sr","8":"product_cat-modni-dizajneri","9":"product_cat-odeca","10":"product_cat-zenska-odeca","11":"product_tag-duks-sr","12":"product_tag-gia-design-sr","13":"pa_color-crna","14":"pa_color-siva","15":"pa_color-filter-crna","16":"pa_color-filter-srebrna","17":"pa_material-elastin","18":"pa_material-pamuk","19":"pa_size-l-sr","20":"pa_size-m-sr","21":"pa_size-s-sr","22":"pa_size-xs-sr","24":"first","25":"onbackorder","26":"purchasable","27":"product-type-variable"},"_links":{"self":[{"href":"https:\/\/www.madhouse.rs\/sr\/wp-json\/wp\/v2\/product\/14617","targetHints":{"allow":["GET"]}}],"collection":[{"href":"https:\/\/www.madhouse.rs\/sr\/wp-json\/wp\/v2\/product"}],"about":[{"href":"https:\/\/www.madhouse.rs\/sr\/wp-json\/wp\/v2\/types\/product"}],"replies":[{"embeddable":true,"href":"https:\/\/www.madhouse.rs\/sr\/wp-json\/wp\/v2\/comments?post=14617"}],"wp:featuredmedia":[{"embeddable":true,"href":"https:\/\/www.madhouse.rs\/sr\/wp-json\/wp\/v2\/media\/14631"}],"wp:attachment":[{"href":"https:\/\/www.madhouse.rs\/sr\/wp-json\/wp\/v2\/media?parent=14617"}],"wp:term":[{"taxonomy":"product_brand","embeddable":true,"href":"https:\/\/www.madhouse.rs\/sr\/wp-json\/wp\/v2\/product_brand?post=14617"},{"taxonomy":"product_cat","embeddable":true,"href":"https:\/\/www.madhouse.rs\/sr\/wp-json\/wp\/v2\/product_cat?post=14617"},{"taxonomy":"product_tag","embeddable":true,"href":"https:\/\/www.madhouse.rs\/sr\/wp-json\/wp\/v2\/product_tag?post=14617"}],"curies":[{"name":"wp","href":"https:\/\/api.w.org\/{rel}","templated":true}]}}