{"id":14633,"date":"2024-04-21T12:16:28","date_gmt":"2024-04-21T12:16:28","guid":{"rendered":"https:\/\/www.madhouse.rs\/?post_type=product&#038;p=14633"},"modified":"2024-04-21T12:26:15","modified_gmt":"2024-04-21T12:26:15","slug":"gia-design-zenski-donji-deo-trenerke","status":"publish","type":"product","link":"https:\/\/www.madhouse.rs\/sr\/proizvodi\/gia-design-zenski-donji-deo-trenerke\/","title":{"rendered":"Gia design \u017eenski donji deo trenerke"},"content":{"rendered":"[vc_row type=&#8220;full_width_background&#8220; full_screen_row_position=&#8220;middle&#8220; column_margin=&#8220;default&#8220; equal_height=&#8220;yes&#8220; content_placement=&#8220;middle&#8220; column_direction=&#8220;default&#8220; column_direction_tablet=&#8220;default&#8220; column_direction_phone=&#8220;default&#8220; scene_position=&#8220;center&#8220; text_color=&#8220;dark&#8220; text_align=&#8220;left&#8220; row_border_radius=&#8220;none&#8220; row_border_radius_applies=&#8220;bg&#8220; overflow=&#8220;visible&#8220; overlay_strength=&#8220;0.3&#8243; gradient_direction=&#8220;left_to_right&#8220; shape_divider_position=&#8220;bottom&#8220; bg_image_animation=&#8220;none&#8220; gradient_type=&#8220;default&#8220; shape_type=&#8220;&#8220;][vc_column column_padding=&#8220;no-extra-padding&#8220; column_padding_tablet=&#8220;inherit&#8220; column_padding_phone=&#8220;inherit&#8220; column_padding_position=&#8220;all&#8220; column_element_direction_desktop=&#8220;default&#8220; column_element_spacing=&#8220;default&#8220; desktop_text_alignment=&#8220;default&#8220; tablet_text_alignment=&#8220;default&#8220; phone_text_alignment=&#8220;default&#8220; background_color_opacity=&#8220;1&#8243; background_hover_color_opacity=&#8220;1&#8243; column_backdrop_filter=&#8220;none&#8220; column_shadow=&#8220;none&#8220; column_border_radius=&#8220;none&#8220; column_link_target=&#8220;_self&#8220; column_position=&#8220;default&#8220; gradient_direction=&#8220;left_to_right&#8220; overlay_strength=&#8220;0.3&#8243; width=&#8220;1\/1&#8243; tablet_width_inherit=&#8220;default&#8220; animation_type=&#8220;default&#8220; bg_image_animation=&#8220;none&#8220; border_type=&#8220;simple&#8220; column_border_width=&#8220;none&#8220; column_border_style=&#8220;solid&#8220;][nectar_highlighted_text color_type=&#8220;regular&#8220; highlight_color=&#8220;#bc905a&#8220; style=&#8220;half_text&#8220; text_direction=&#8220;default&#8220;]Ovaj donji deo mo\u017ee\u0161 da nosi\u0161 u svakodnevnim aktivnostima, \u0161etnjama, odlasku u teretanu ili u momemtima opu\u0161tanja kod ku\u0107e. Kombinuj ga sa raglan duksom ili sa duksom sa kapulj\u010dom da upotpuni\u0161 svoj athleisure izgled. Nosiv je kako sa patikama tako i sa \u010dizmama u zavisnosti od prilike. U ponudi su tri razli\u010dite boje. Struk je visok sa pojasom od lasti\u0161a. Komotnog je dizajna. Ranfla od rendera oko \u010dlanka je blago produ\u017eena. Ima d\u017eepove. Ovaj donji deo trenerke je napravljen od 96% pamuka i 4%elastina. Zbog svoje unutra\u0161nje \u010detkane testure ovaj udoban materijal ti pru\u017ea veoma prijatan ose\u0107aj na ko\u017ei[\/nectar_highlighted_text][\/vc_column][\/vc_row]\n","protected":false},"excerpt":{"rendered":"<p>\u017denski donji deo trenerke.<\/p>\n","protected":false},"featured_media":14640,"comment_status":"open","ping_status":"closed","template":"","meta":[],"product_brand":[],"product_cat":[635,627,92,400],"product_tag":[632,568],"class_list":{"0":"post-14633","1":"product","2":"type-product","3":"status-publish","4":"has-post-thumbnail","6":"product_cat-duks","7":"product_cat-gia-design-sr","8":"product_cat-modni-dizajneri","9":"product_cat-zenska-odeca","10":"product_tag-gia-design-sr","11":"product_tag-trenerka","12":"pa_color-bela","13":"pa_color-crvena","14":"pa_color-filter-crvena","15":"pa_material-elastin","16":"pa_material-pamuk","17":"pa_size-l-sr","18":"pa_size-m-sr","19":"pa_size-s-sr","20":"pa_size-xs-sr","22":"first","23":"onbackorder","24":"purchasable","25":"product-type-variable"},"_links":{"self":[{"href":"https:\/\/www.madhouse.rs\/sr\/wp-json\/wp\/v2\/product\/14633","targetHints":{"allow":["GET"]}}],"collection":[{"href":"https:\/\/www.madhouse.rs\/sr\/wp-json\/wp\/v2\/product"}],"about":[{"href":"https:\/\/www.madhouse.rs\/sr\/wp-json\/wp\/v2\/types\/product"}],"replies":[{"embeddable":true,"href":"https:\/\/www.madhouse.rs\/sr\/wp-json\/wp\/v2\/comments?post=14633"}],"wp:featuredmedia":[{"embeddable":true,"href":"https:\/\/www.madhouse.rs\/sr\/wp-json\/wp\/v2\/media\/14640"}],"wp:attachment":[{"href":"https:\/\/www.madhouse.rs\/sr\/wp-json\/wp\/v2\/media?parent=14633"}],"wp:term":[{"taxonomy":"product_brand","embeddable":true,"href":"https:\/\/www.madhouse.rs\/sr\/wp-json\/wp\/v2\/product_brand?post=14633"},{"taxonomy":"product_cat","embeddable":true,"href":"https:\/\/www.madhouse.rs\/sr\/wp-json\/wp\/v2\/product_cat?post=14633"},{"taxonomy":"product_tag","embeddable":true,"href":"https:\/\/www.madhouse.rs\/sr\/wp-json\/wp\/v2\/product_tag?post=14633"}],"curies":[{"name":"wp","href":"https:\/\/api.w.org\/{rel}","templated":true}]}}