{"id":14643,"date":"2024-04-21T12:29:15","date_gmt":"2024-04-21T12:29:15","guid":{"rendered":"https:\/\/www.madhouse.rs\/?post_type=product&#038;p=14643"},"modified":"2024-06-18T13:48:06","modified_gmt":"2024-06-18T13:48:06","slug":"gia-design-duks-organic","status":"publish","type":"product","link":"https:\/\/www.madhouse.rs\/sr\/proizvodi\/gia-design-duks-organic\/","title":{"rendered":"Gia design duks organic"},"content":{"rendered":"[vc_row type=&#8220;full_width_background&#8220; full_screen_row_position=&#8220;middle&#8220; column_margin=&#8220;default&#8220; equal_height=&#8220;yes&#8220; content_placement=&#8220;middle&#8220; column_direction=&#8220;default&#8220; column_direction_tablet=&#8220;default&#8220; column_direction_phone=&#8220;default&#8220; scene_position=&#8220;center&#8220; text_color=&#8220;dark&#8220; text_align=&#8220;left&#8220; row_border_radius=&#8220;none&#8220; row_border_radius_applies=&#8220;bg&#8220; overflow=&#8220;visible&#8220; overlay_strength=&#8220;0.3&#8243; gradient_direction=&#8220;left_to_right&#8220; shape_divider_position=&#8220;bottom&#8220; bg_image_animation=&#8220;none&#8220; gradient_type=&#8220;default&#8220; shape_type=&#8220;&#8220;][vc_column column_padding=&#8220;no-extra-padding&#8220; column_padding_tablet=&#8220;inherit&#8220; column_padding_phone=&#8220;inherit&#8220; column_padding_position=&#8220;all&#8220; column_element_direction_desktop=&#8220;default&#8220; column_element_spacing=&#8220;default&#8220; desktop_text_alignment=&#8220;default&#8220; tablet_text_alignment=&#8220;default&#8220; phone_text_alignment=&#8220;default&#8220; background_color_opacity=&#8220;1&#8243; background_hover_color_opacity=&#8220;1&#8243; column_backdrop_filter=&#8220;none&#8220; column_shadow=&#8220;none&#8220; column_border_radius=&#8220;none&#8220; column_link_target=&#8220;_self&#8220; column_position=&#8220;default&#8220; gradient_direction=&#8220;left_to_right&#8220; overlay_strength=&#8220;0.3&#8243; width=&#8220;1\/1&#8243; tablet_width_inherit=&#8220;default&#8220; animation_type=&#8220;default&#8220; bg_image_animation=&#8220;none&#8220; border_type=&#8220;simple&#8220; column_border_width=&#8220;none&#8220; column_border_style=&#8220;solid&#8220;][nectar_highlighted_text color_type=&#8220;regular&#8220; highlight_color=&#8220;#bc905a&#8220; style=&#8220;half_text&#8220; text_direction=&#8220;default&#8220;]Jednostavan duks bele boje mo\u017eete da nosite u svakodnevnim aktivnostima, \u0161etnjama i trenucima opu\u0161tanja. Napravljen je od materijala koji prija va\u0161oj ko\u017ei, mekog opipa. Opu\u0161ten, minimalisti\u010dki dizajn ovog duksa je njegova specifi\u010dnost, kao i neobra\u0111ene ivice i d\u017eep na prednjoj strani. Iskombinuj sa \u0161ortsem i patikama i spremna si za izlazak iz ku\u0107e ili pak navuci samo tople \u010darape i ostani u udobnosti svog doma.[\/nectar_highlighted_text][\/vc_column][\/vc_row]\n","protected":false},"excerpt":{"rendered":"<p>Minimalisti\u010dki duks bele boje. Sastav: 95% organski pamuk; 5% elastin.<\/p>\n","protected":false},"featured_media":14651,"comment_status":"open","ping_status":"closed","template":"","meta":[],"product_brand":[],"product_cat":[635,627,92,241,400],"product_tag":[569,632],"class_list":{"0":"post-14643","1":"product","2":"type-product","3":"status-publish","4":"has-post-thumbnail","6":"product_cat-duks","7":"product_cat-gia-design-sr","8":"product_cat-modni-dizajneri","9":"product_cat-odeca","10":"product_cat-zenska-odeca","11":"product_tag-duks-sr","12":"product_tag-gia-design-sr","13":"pa_color-bela","14":"pa_color-filter-bela","15":"pa_material-elastin","16":"pa_material-pamuk","17":"pa_size-l-xl-sr","18":"pa_size-s-m-sr","20":"first","21":"onbackorder","22":"purchasable","23":"product-type-variable"},"_links":{"self":[{"href":"https:\/\/www.madhouse.rs\/sr\/wp-json\/wp\/v2\/product\/14643","targetHints":{"allow":["GET"]}}],"collection":[{"href":"https:\/\/www.madhouse.rs\/sr\/wp-json\/wp\/v2\/product"}],"about":[{"href":"https:\/\/www.madhouse.rs\/sr\/wp-json\/wp\/v2\/types\/product"}],"replies":[{"embeddable":true,"href":"https:\/\/www.madhouse.rs\/sr\/wp-json\/wp\/v2\/comments?post=14643"}],"wp:featuredmedia":[{"embeddable":true,"href":"https:\/\/www.madhouse.rs\/sr\/wp-json\/wp\/v2\/media\/14651"}],"wp:attachment":[{"href":"https:\/\/www.madhouse.rs\/sr\/wp-json\/wp\/v2\/media?parent=14643"}],"wp:term":[{"taxonomy":"product_brand","embeddable":true,"href":"https:\/\/www.madhouse.rs\/sr\/wp-json\/wp\/v2\/product_brand?post=14643"},{"taxonomy":"product_cat","embeddable":true,"href":"https:\/\/www.madhouse.rs\/sr\/wp-json\/wp\/v2\/product_cat?post=14643"},{"taxonomy":"product_tag","embeddable":true,"href":"https:\/\/www.madhouse.rs\/sr\/wp-json\/wp\/v2\/product_tag?post=14643"}],"curies":[{"name":"wp","href":"https:\/\/api.w.org\/{rel}","templated":true}]}}