{"id":8014,"date":"2024-04-04T08:27:14","date_gmt":"2024-04-04T08:27:14","guid":{"rendered":"https:\/\/www.madhouse.rs\/?post_type=product&#038;p=8014"},"modified":"2024-04-04T08:35:53","modified_gmt":"2024-04-04T08:35:53","slug":"bebbelle-sol-tirkizna-43-svilena-marama","status":"publish","type":"product","link":"https:\/\/www.madhouse.rs\/sr\/proizvodi\/bebbelle-sol-tirkizna-43-svilena-marama\/","title":{"rendered":"Bebbelle Sol tirkizna 43 svilena marama"},"content":{"rendered":"[vc_row type=&#8220;full_width_background&#8220; full_screen_row_position=&#8220;middle&#8220; column_margin=&#8220;default&#8220; equal_height=&#8220;yes&#8220; content_placement=&#8220;middle&#8220; column_direction=&#8220;default&#8220; column_direction_tablet=&#8220;default&#8220; column_direction_phone=&#8220;default&#8220; scene_position=&#8220;center&#8220; text_color=&#8220;dark&#8220; text_align=&#8220;left&#8220; row_border_radius=&#8220;none&#8220; row_border_radius_applies=&#8220;bg&#8220; overflow=&#8220;visible&#8220; overlay_strength=&#8220;0.3&#8243; gradient_direction=&#8220;left_to_right&#8220; shape_divider_position=&#8220;bottom&#8220; bg_image_animation=&#8220;none&#8220; gradient_type=&#8220;default&#8220; shape_type=&#8220;&#8220;][vc_column column_padding=&#8220;no-extra-padding&#8220; column_padding_tablet=&#8220;inherit&#8220; column_padding_phone=&#8220;inherit&#8220; column_padding_position=&#8220;all&#8220; column_element_direction_desktop=&#8220;default&#8220; column_element_spacing=&#8220;default&#8220; desktop_text_alignment=&#8220;default&#8220; tablet_text_alignment=&#8220;default&#8220; phone_text_alignment=&#8220;default&#8220; background_color_opacity=&#8220;1&#8243; background_hover_color_opacity=&#8220;1&#8243; column_backdrop_filter=&#8220;none&#8220; column_shadow=&#8220;none&#8220; column_border_radius=&#8220;none&#8220; column_link_target=&#8220;_self&#8220; column_position=&#8220;default&#8220; gradient_direction=&#8220;left_to_right&#8220; overlay_strength=&#8220;0.3&#8243; width=&#8220;1\/1&#8243; tablet_width_inherit=&#8220;default&#8220; animation_type=&#8220;default&#8220; bg_image_animation=&#8220;none&#8220; border_type=&#8220;simple&#8220; column_border_width=&#8220;none&#8220; column_border_style=&#8220;solid&#8220;][nectar_highlighted_text color_type=&#8220;regular&#8220; highlight_color=&#8220;#bc905a&#8220; style=&#8220;half_text&#8220; text_direction=&#8220;default&#8220;]\n<div><\/div>\n<div>DETALJNE KARAKTERISTIKE<\/div>\n<div><\/div>\n<div>Svilena marama<\/div>\n<div>Sirovinski sastav: 100% twill svila<\/div>\n<div>Dimenzije: 43 x 43 cm (dimenzije mogu neznatno varirati).<\/div>\n<div>\u0160iveno 100% svilenim koncem<\/div>\n<div>Dizajn: Bebbelle Artisans<\/div>\n<div>Proizvo\u0111a\u010d: Bebbelle Artisans<\/div>\n<div>Zemlja porekla: Srbija<\/div>\n<div>\n<p>Model:<\/p>\n<p>21002300<\/p>\n<\/div>\n<div>ODR\u017dAVANJE I NEGA<\/div>\n<div><\/div>\n<div>Skupljanje: po du\u017eini 2,9%; po \u0161irini 0,6%<\/div>\n<div>Preporu\u010dujemo da se marama \u010duva odvezana i po potrebi pegla na niskoj temperaturi, da bi se uklonili nabori. Izbegavati peglanje ru\u010dno izra\u0111enog poruba da ne bi do\u0161lo do deformacije.<\/div>\n<div>Da ne bi do\u0161lo do o\u0161te\u0107enja, pri no\u0161enju izbegavati kontakt sa o\u0161trim predmetima, ki\u0161om, vodom i uop\u0161te sa materijama koje mogu da ostave mrlje i fleke. Paziti da se tkanina ne o\u0161teti nakitom, ru\u010dnim satom, torbicom ili drugim predmetima.<\/div>\n<div>Izbegavati direktno nano\u0161enje parfema, sprejeva za kosu ili drugih kozmeti\u010dkih proizvoda na maramu.<\/div>\n<div>Maramu po potrebi poveriti profesionalnim servisima za \u010di\u0161\u0107enje i peglanje.<\/div>\n<div>Odr\u017eavanje:<\/div>\n<div>\u25cf Pranje nije dozvoljeno<\/div>\n<div>\u25cf Ne sme se koristiti nijedan izbeljiva\u010d<\/div>\n<div>\u25cf Ne sme se su\u0161iti u ma\u0161ini za su\u0161enje<\/div>\n<div>\u25cf Peglati sa najvi\u0161om temperaturom plo\u010de od 150 \u00b0C<\/div>\n<div>\u25cf Profesionalno hemijsko \u010di\u0161\u0107enje u tetrahloretenu i svim rastvara\u010dima \u010diji je spisak dat za simbol F. Normalan proces.<\/div>\n<div>AMBALA\u017dA<\/div>\n<div><\/div>\n<div>Svaki kupljeni proizvod upakovan je u prepoznatljivu Bebbelle kutiju, spreman da bude poklonjen.<\/div>\n[\/nectar_highlighted_text][\/vc_column][\/vc_row]\n","protected":false},"excerpt":{"rendered":"<div>\n<p>Marama izra\u0111ena od 100% \u010diste twill svile, ru\u010dno porubljena.<\/p>\n<p>Ova svilena marama je nezaobilazan dodatak sofisticiranim odevnim kombinacijama, lako se prilago\u0111ava razli\u010ditim stilovima, a mo\u017ee se nositi na vi\u0161e razli\u010ditih na\u010dina \u2013 oko vrata, ruke, glave\u2026<\/p>\n<\/div>\n","protected":false},"featured_media":8022,"comment_status":"open","ping_status":"closed","template":"","meta":[],"product_brand":[],"product_cat":[87,443,442],"product_tag":[446,260,445],"class_list":{"0":"post-8014","1":"product","2":"type-product","3":"status-publish","4":"has-post-thumbnail","6":"product_cat-aksesoari","7":"product_cat-bebbelle-sr","8":"product_cat-marame","9":"product_tag-bebbelle-sr","10":"product_tag-svila","11":"product_tag-svilene-marame","12":"pa_color-tirkizna","13":"pa_color-filter-plata","14":"pa_color-filter-zelena","15":"pa_material-svila","17":"first","18":"instock","19":"purchasable","20":"product-type-simple"},"_links":{"self":[{"href":"https:\/\/www.madhouse.rs\/sr\/wp-json\/wp\/v2\/product\/8014","targetHints":{"allow":["GET"]}}],"collection":[{"href":"https:\/\/www.madhouse.rs\/sr\/wp-json\/wp\/v2\/product"}],"about":[{"href":"https:\/\/www.madhouse.rs\/sr\/wp-json\/wp\/v2\/types\/product"}],"replies":[{"embeddable":true,"href":"https:\/\/www.madhouse.rs\/sr\/wp-json\/wp\/v2\/comments?post=8014"}],"wp:featuredmedia":[{"embeddable":true,"href":"https:\/\/www.madhouse.rs\/sr\/wp-json\/wp\/v2\/media\/8022"}],"wp:attachment":[{"href":"https:\/\/www.madhouse.rs\/sr\/wp-json\/wp\/v2\/media?parent=8014"}],"wp:term":[{"taxonomy":"product_brand","embeddable":true,"href":"https:\/\/www.madhouse.rs\/sr\/wp-json\/wp\/v2\/product_brand?post=8014"},{"taxonomy":"product_cat","embeddable":true,"href":"https:\/\/www.madhouse.rs\/sr\/wp-json\/wp\/v2\/product_cat?post=8014"},{"taxonomy":"product_tag","embeddable":true,"href":"https:\/\/www.madhouse.rs\/sr\/wp-json\/wp\/v2\/product_tag?post=8014"}],"curies":[{"name":"wp","href":"https:\/\/api.w.org\/{rel}","templated":true}]}}