{"id":9987,"date":"2024-04-11T12:59:05","date_gmt":"2024-04-11T12:59:05","guid":{"rendered":"https:\/\/www.madhouse.rs\/?post_type=product&#038;p=9987"},"modified":"2024-04-12T13:40:57","modified_gmt":"2024-04-12T13:40:57","slug":"dd-design-kosulja-crna-letizia","status":"publish","type":"product","link":"https:\/\/www.madhouse.rs\/sr\/proizvodi\/dd-design-kosulja-crna-letizia\/","title":{"rendered":"DD design ko\u0161ulja crna Letizia"},"content":{"rendered":"[vc_row type=&#8220;full_width_background&#8220; full_screen_row_position=&#8220;middle&#8220; column_margin=&#8220;default&#8220; equal_height=&#8220;yes&#8220; content_placement=&#8220;middle&#8220; column_direction=&#8220;default&#8220; column_direction_tablet=&#8220;default&#8220; column_direction_phone=&#8220;default&#8220; scene_position=&#8220;center&#8220; text_color=&#8220;dark&#8220; text_align=&#8220;left&#8220; row_border_radius=&#8220;none&#8220; row_border_radius_applies=&#8220;bg&#8220; overflow=&#8220;visible&#8220; overlay_strength=&#8220;0.3&#8243; gradient_direction=&#8220;left_to_right&#8220; shape_divider_position=&#8220;bottom&#8220; bg_image_animation=&#8220;none&#8220; gradient_type=&#8220;default&#8220; shape_type=&#8220;&#8220;][vc_column column_padding=&#8220;no-extra-padding&#8220; column_padding_tablet=&#8220;inherit&#8220; column_padding_phone=&#8220;inherit&#8220; column_padding_position=&#8220;all&#8220; column_element_direction_desktop=&#8220;default&#8220; column_element_spacing=&#8220;default&#8220; desktop_text_alignment=&#8220;default&#8220; tablet_text_alignment=&#8220;default&#8220; phone_text_alignment=&#8220;default&#8220; background_color_opacity=&#8220;1&#8243; background_hover_color_opacity=&#8220;1&#8243; column_backdrop_filter=&#8220;none&#8220; column_shadow=&#8220;none&#8220; column_border_radius=&#8220;none&#8220; column_link_target=&#8220;_self&#8220; column_position=&#8220;default&#8220; gradient_direction=&#8220;left_to_right&#8220; overlay_strength=&#8220;0.3&#8243; width=&#8220;1\/1&#8243; tablet_width_inherit=&#8220;default&#8220; animation_type=&#8220;default&#8220; bg_image_animation=&#8220;none&#8220; border_type=&#8220;simple&#8220; column_border_width=&#8220;none&#8220; column_border_style=&#8220;solid&#8220;][nectar_highlighted_text color_type=&#8220;regular&#8220; highlight_color=&#8220;#bc905a&#8220; style=&#8220;half_text&#8220; text_direction=&#8220;default&#8220;][\/nectar_highlighted_text][\/vc_column][\/vc_row]\n","protected":false},"excerpt":{"rendered":"<p>Crna pamu\u010dna ko\u0161ulja sa puf rukavima I dugmi\u0107ima<\/p>\n","protected":false},"featured_media":9997,"comment_status":"open","ping_status":"closed","template":"","meta":[],"product_brand":[],"product_cat":[538,258,92,241,400],"product_tag":[571,540,259],"class_list":{"0":"post-9987","1":"product","2":"type-product","3":"status-publish","4":"has-post-thumbnail","6":"product_cat-dd-design-rs","7":"product_cat-kosulje","8":"product_cat-modni-dizajneri","9":"product_cat-odeca","10":"product_cat-zenska-odeca","11":"product_tag-bela-kosulja","12":"product_tag-dd-design-sr","13":"product_tag-kosulja","14":"pa_color-bela","15":"pa_color-crna","16":"pa_color-filter-bela","17":"pa_color-filter-crna","18":"pa_material-elastin","19":"pa_material-pamuk","20":"pa_size-chart-36-sr","21":"pa_size-chart-38-sr","22":"pa_size-chart-40-sr","23":"pa_size-chart-42-sr","24":"pa_size-chart-44-sr","26":"first","27":"onbackorder","28":"purchasable","29":"product-type-variable"},"_links":{"self":[{"href":"https:\/\/www.madhouse.rs\/sr\/wp-json\/wp\/v2\/product\/9987","targetHints":{"allow":["GET"]}}],"collection":[{"href":"https:\/\/www.madhouse.rs\/sr\/wp-json\/wp\/v2\/product"}],"about":[{"href":"https:\/\/www.madhouse.rs\/sr\/wp-json\/wp\/v2\/types\/product"}],"replies":[{"embeddable":true,"href":"https:\/\/www.madhouse.rs\/sr\/wp-json\/wp\/v2\/comments?post=9987"}],"wp:featuredmedia":[{"embeddable":true,"href":"https:\/\/www.madhouse.rs\/sr\/wp-json\/wp\/v2\/media\/9997"}],"wp:attachment":[{"href":"https:\/\/www.madhouse.rs\/sr\/wp-json\/wp\/v2\/media?parent=9987"}],"wp:term":[{"taxonomy":"product_brand","embeddable":true,"href":"https:\/\/www.madhouse.rs\/sr\/wp-json\/wp\/v2\/product_brand?post=9987"},{"taxonomy":"product_cat","embeddable":true,"href":"https:\/\/www.madhouse.rs\/sr\/wp-json\/wp\/v2\/product_cat?post=9987"},{"taxonomy":"product_tag","embeddable":true,"href":"https:\/\/www.madhouse.rs\/sr\/wp-json\/wp\/v2\/product_tag?post=9987"}],"curies":[{"name":"wp","href":"https:\/\/api.w.org\/{rel}","templated":true}]}}